{"id":37812,"date":"2023-06-20T14:08:45","date_gmt":"2023-06-20T14:08:45","guid":{"rendered":"https:\/\/www.jovagro.pt\/?post_type=product&#038;p=37812"},"modified":"2025-04-21T15:03:59","modified_gmt":"2025-04-21T15:03:59","slug":"crisostar","status":"publish","type":"product","link":"http:\/\/mail.jovagro.pt\/en\/shop\/inovabio\/indutores-de-autodefesa-a-ataques-de-insetos\/crisostar\/","title":{"rendered":"Crisostar\u00ae"},"content":{"rendered":"<style type=\"text\/css\"> \n#cmsms_row_69e2a09b0a1b8 .cmsms_row_outer_parent { \n\tpadding-top: 0px; \n} \n\n#cmsms_row_69e2a09b0a1b8 .cmsms_row_outer_parent { \n\tpadding-bottom: 50px; \n} \n\n<\/style><div id=\"cmsms_row_69e2a09b0a1b8\" class=\"cmsms_row cmsms_color_scheme_default\">\n<div class=\"cmsms_row_outer_parent\">\n<div class=\"cmsms_row_outer\">\n<div class=\"cmsms_row_inner\">\n<div class=\"cmsms_row_margin\">\n<div class=\"cmsms_column one_first\">\n<div class=\"custom_html\">\n<table class=\"woocommerce-product-attributes shop_attributes\">\n<tbody>\n<tr class=\"woocommerce-product-attributes-item woocommerce-product-attributes-item--attribute_pa_aplicacao\">\n<th class=\"woocommerce-product-attributes-item__label\">Piretrinas<\/th>\n<td class=\"woocommerce-product-attributes-item__value\">2,14%<\/td>\n<\/tr>\n<\/tbody>\n<\/table>\n<\/div>\n<\/div>\n<div class=\"cmsms_column one_first\">\n<p><\/p>\n<\/div>\n<\/div>\n<\/div>\n<\/div>\n<\/div>\n<\/div>","protected":false},"excerpt":{"rendered":"<p>Inseticida para controlo de moscas brancas em tomateiro e beringela e af\u00eddeos em alface, espinafre e pimenteiro. O Crisostar\u00ae \u00e9 um inseticida de amplo espectro de a\u00e7\u00e3o, com base em piretrinas naturais, que atua principalmente por contacto e em menor extens\u00e3o por ingest\u00e3o, decorrendo a sua a\u00e7\u00e3o ao n\u00edvel da modula\u00e7\u00e3o dos canais de s\u00f3dio. Possui r\u00e1pida a\u00e7\u00e3o e curta persist\u00eancia. Pertence ao grupo 3A do IRAC.<\/p>\n<p><img loading=\"lazy\" decoding=\"async\" class=\"alignnone  wp-image-38347\" src=\"https:\/\/www.jovagro.pt\/wp-content\/uploads\/2023\/06\/intereco_Vlogo_281119.png\" alt=\"\" width=\"72\" height=\"72\" srcset=\"https:\/\/mail.jovagro.pt\/wp-content\/uploads\/2023\/06\/intereco_Vlogo_281119.png 80w, https:\/\/mail.jovagro.pt\/wp-content\/uploads\/2023\/06\/intereco_Vlogo_281119-12x12.png 12w, https:\/\/mail.jovagro.pt\/wp-content\/uploads\/2023\/06\/intereco_Vlogo_281119-55x55.png 55w\" sizes=\"auto, (max-width: 72px) 100vw, 72px\" \/> <img loading=\"lazy\" decoding=\"async\" class=\"alignnone  wp-image-38345\" src=\"https:\/\/www.jovagro.pt\/wp-content\/uploads\/2023\/06\/CAAEInsumosUNE.jpg\" alt=\"\" width=\"74\" height=\"74\" srcset=\"https:\/\/mail.jovagro.pt\/wp-content\/uploads\/2023\/06\/CAAEInsumosUNE.jpg 80w, https:\/\/mail.jovagro.pt\/wp-content\/uploads\/2023\/06\/CAAEInsumosUNE-12x12.jpg 12w, https:\/\/mail.jovagro.pt\/wp-content\/uploads\/2023\/06\/CAAEInsumosUNE-55x55.jpg 55w\" sizes=\"auto, (max-width: 74px) 100vw, 74px\" \/> <img loading=\"lazy\" decoding=\"async\" class=\"alignnone size-full wp-image-38351\" src=\"https:\/\/www.jovagro.pt\/wp-content\/uploads\/2023\/06\/approved-by-ecocert-inputs-vector-logo.png\" alt=\"\" width=\"80\" height=\"80\" \/><\/p>\n<div class=\"cmsms_text\" style=\"position: absolute; bottom: 0;\">\n<h5><\/h5>\n<\/div>","protected":false},"featured_media":37889,"template":"","meta":{"_monsterinsights_skip_tracking":false,"_monsterinsights_sitenote_active":false,"_monsterinsights_sitenote_note":"","_monsterinsights_sitenote_category":0},"product_brand":[],"product_cat":[513],"product_tag":[],"class_list":{"0":"post-37812","1":"product","2":"type-product","3":"status-publish","4":"has-post-thumbnail","6":"product_cat-indutores-de-autodefesa-a-ataques-de-insetos","8":"first","9":"instock","10":"taxable","11":"shipping-taxable","12":"purchasable","13":"product-type-variable"},"yoast_head":"<!-- This site is optimized with the Yoast SEO plugin v27.4 - https:\/\/yoast.com\/product\/yoast-seo-wordpress\/ -->\n<title>Crisostar\u00ae - Jovagro<\/title>\n<meta name=\"robots\" content=\"index, follow, max-snippet:-1, max-image-preview:large, max-video-preview:-1\" \/>\n<link rel=\"canonical\" href=\"https:\/\/manonunes.pt\/shop\/inovabio\/indutores-de-autodefesa-a-ataques-de-insetos\/crisostar\/\" \/>\n<meta property=\"og:locale\" content=\"en_GB\" \/>\n<meta property=\"og:type\" content=\"article\" \/>\n<meta property=\"og:title\" content=\"Crisostar\u00ae - Jovagro\" \/>\n<meta property=\"og:description\" content=\"Inseticida para controlo de moscas brancas em tomateiro e beringela e af\u00eddeos em alface, espinafre e pimenteiro. O Crisostar\u00ae \u00e9 um inseticida de amplo espectro de a\u00e7\u00e3o, com base em piretrinas naturais, que atua principalmente por contacto e em menor extens\u00e3o por ingest\u00e3o, decorrendo a sua a\u00e7\u00e3o ao n\u00edvel da modula\u00e7\u00e3o dos canais de s\u00f3dio. Possui r\u00e1pida a\u00e7\u00e3o e curta persist\u00eancia. Pertence ao grupo 3A do IRAC.\" \/>\n<meta property=\"og:url\" content=\"https:\/\/manonunes.pt\/shop\/inovabio\/indutores-de-autodefesa-a-ataques-de-insetos\/crisostar\/\" \/>\n<meta property=\"og:site_name\" content=\"Jovagro\" \/>\n<meta property=\"article:publisher\" content=\"https:\/\/www.facebook.com\/Jovagro\/\" \/>\n<meta property=\"article:modified_time\" content=\"2025-04-21T15:03:59+00:00\" \/>\n<meta property=\"og:image\" content=\"https:\/\/manonunes.pt\/wp-content\/uploads\/2024\/02\/Crisostar.png\" \/>\n\t<meta property=\"og:image:width\" content=\"626\" \/>\n\t<meta property=\"og:image:height\" content=\"626\" \/>\n\t<meta property=\"og:image:type\" content=\"image\/png\" \/>\n<meta name=\"twitter:card\" content=\"summary_large_image\" \/>\n<meta name=\"twitter:label1\" content=\"Estimated reading time\" \/>\n\t<meta name=\"twitter:data1\" content=\"1 minute\" \/>\n<script type=\"application\/ld+json\" class=\"yoast-schema-graph\">{\"@context\":\"https:\\\/\\\/schema.org\",\"@graph\":[{\"@type\":\"WebPage\",\"@id\":\"https:\\\/\\\/manonunes.pt\\\/shop\\\/inovabio\\\/indutores-de-autodefesa-a-ataques-de-insetos\\\/crisostar\\\/\",\"url\":\"https:\\\/\\\/manonunes.pt\\\/shop\\\/inovabio\\\/indutores-de-autodefesa-a-ataques-de-insetos\\\/crisostar\\\/\",\"name\":\"Crisostar\u00ae - Jovagro\",\"isPartOf\":{\"@id\":\"https:\\\/\\\/www.jovagro.pt\\\/#website\"},\"primaryImageOfPage\":{\"@id\":\"https:\\\/\\\/manonunes.pt\\\/shop\\\/inovabio\\\/indutores-de-autodefesa-a-ataques-de-insetos\\\/crisostar\\\/#primaryimage\"},\"image\":{\"@id\":\"https:\\\/\\\/manonunes.pt\\\/shop\\\/inovabio\\\/indutores-de-autodefesa-a-ataques-de-insetos\\\/crisostar\\\/#primaryimage\"},\"thumbnailUrl\":\"https:\\\/\\\/mail.jovagro.pt\\\/wp-content\\\/uploads\\\/2024\\\/02\\\/Crisostar.png\",\"datePublished\":\"2023-06-20T14:08:45+00:00\",\"dateModified\":\"2025-04-21T15:03:59+00:00\",\"breadcrumb\":{\"@id\":\"https:\\\/\\\/manonunes.pt\\\/shop\\\/inovabio\\\/indutores-de-autodefesa-a-ataques-de-insetos\\\/crisostar\\\/#breadcrumb\"},\"inLanguage\":\"en-GB\",\"potentialAction\":[{\"@type\":\"ReadAction\",\"target\":[\"https:\\\/\\\/manonunes.pt\\\/shop\\\/inovabio\\\/indutores-de-autodefesa-a-ataques-de-insetos\\\/crisostar\\\/\"]}]},{\"@type\":\"ImageObject\",\"inLanguage\":\"en-GB\",\"@id\":\"https:\\\/\\\/manonunes.pt\\\/shop\\\/inovabio\\\/indutores-de-autodefesa-a-ataques-de-insetos\\\/crisostar\\\/#primaryimage\",\"url\":\"https:\\\/\\\/mail.jovagro.pt\\\/wp-content\\\/uploads\\\/2024\\\/02\\\/Crisostar.png\",\"contentUrl\":\"https:\\\/\\\/mail.jovagro.pt\\\/wp-content\\\/uploads\\\/2024\\\/02\\\/Crisostar.png\",\"width\":626,\"height\":626},{\"@type\":\"BreadcrumbList\",\"@id\":\"https:\\\/\\\/manonunes.pt\\\/shop\\\/inovabio\\\/indutores-de-autodefesa-a-ataques-de-insetos\\\/crisostar\\\/#breadcrumb\",\"itemListElement\":[{\"@type\":\"ListItem\",\"position\":1,\"name\":\"Home\",\"item\":\"https:\\\/\\\/www.jovagro.pt\\\/\"},{\"@type\":\"ListItem\",\"position\":2,\"name\":\"Loja\",\"item\":\"https:\\\/\\\/www.jovagro.pt\\\/loja\\\/\"},{\"@type\":\"ListItem\",\"position\":3,\"name\":\"Crisostar\u00ae\"}]},{\"@type\":\"WebSite\",\"@id\":\"https:\\\/\\\/www.jovagro.pt\\\/#website\",\"url\":\"https:\\\/\\\/www.jovagro.pt\\\/\",\"name\":\"Jovagro\",\"description\":\"Sempre com a Natureza\",\"publisher\":{\"@id\":\"https:\\\/\\\/www.jovagro.pt\\\/#organization\"},\"potentialAction\":[{\"@type\":\"SearchAction\",\"target\":{\"@type\":\"EntryPoint\",\"urlTemplate\":\"https:\\\/\\\/www.jovagro.pt\\\/?s={search_term_string}\"},\"query-input\":{\"@type\":\"PropertyValueSpecification\",\"valueRequired\":true,\"valueName\":\"search_term_string\"}}],\"inLanguage\":\"en-GB\"},{\"@type\":\"Organization\",\"@id\":\"https:\\\/\\\/www.jovagro.pt\\\/#organization\",\"name\":\"Jovagro\",\"url\":\"https:\\\/\\\/www.jovagro.pt\\\/\",\"logo\":{\"@type\":\"ImageObject\",\"inLanguage\":\"en-GB\",\"@id\":\"https:\\\/\\\/www.jovagro.pt\\\/#\\\/schema\\\/logo\\\/image\\\/\",\"url\":\"https:\\\/\\\/jovagro.pt\\\/wp-content\\\/uploads\\\/2019\\\/12\\\/7-01-01-scaled.jpg\",\"contentUrl\":\"https:\\\/\\\/jovagro.pt\\\/wp-content\\\/uploads\\\/2019\\\/12\\\/7-01-01-scaled.jpg\",\"width\":2560,\"height\":893,\"caption\":\"Jovagro\"},\"image\":{\"@id\":\"https:\\\/\\\/www.jovagro.pt\\\/#\\\/schema\\\/logo\\\/image\\\/\"},\"sameAs\":[\"https:\\\/\\\/www.facebook.com\\\/Jovagro\\\/\"]}]}<\/script>\n<!-- \/ Yoast SEO plugin. -->","yoast_head_json":{"title":"Crisostar\u00ae - Jovagro","robots":{"index":"index","follow":"follow","max-snippet":"max-snippet:-1","max-image-preview":"max-image-preview:large","max-video-preview":"max-video-preview:-1"},"canonical":"https:\/\/manonunes.pt\/shop\/inovabio\/indutores-de-autodefesa-a-ataques-de-insetos\/crisostar\/","og_locale":"en_GB","og_type":"article","og_title":"Crisostar\u00ae - Jovagro","og_description":"Inseticida para controlo de moscas brancas em tomateiro e beringela e af\u00eddeos em alface, espinafre e pimenteiro. O Crisostar\u00ae \u00e9 um inseticida de amplo espectro de a\u00e7\u00e3o, com base em piretrinas naturais, que atua principalmente por contacto e em menor extens\u00e3o por ingest\u00e3o, decorrendo a sua a\u00e7\u00e3o ao n\u00edvel da modula\u00e7\u00e3o dos canais de s\u00f3dio. Possui r\u00e1pida a\u00e7\u00e3o e curta persist\u00eancia. Pertence ao grupo 3A do IRAC.","og_url":"https:\/\/manonunes.pt\/shop\/inovabio\/indutores-de-autodefesa-a-ataques-de-insetos\/crisostar\/","og_site_name":"Jovagro","article_publisher":"https:\/\/www.facebook.com\/Jovagro\/","article_modified_time":"2025-04-21T15:03:59+00:00","og_image":[{"width":626,"height":626,"url":"https:\/\/manonunes.pt\/wp-content\/uploads\/2024\/02\/Crisostar.png","type":"image\/png"}],"twitter_card":"summary_large_image","twitter_misc":{"Estimated reading time":"1 minute"},"schema":{"@context":"https:\/\/schema.org","@graph":[{"@type":"WebPage","@id":"https:\/\/manonunes.pt\/shop\/inovabio\/indutores-de-autodefesa-a-ataques-de-insetos\/crisostar\/","url":"https:\/\/manonunes.pt\/shop\/inovabio\/indutores-de-autodefesa-a-ataques-de-insetos\/crisostar\/","name":"Crisostar\u00ae - Jovagro","isPartOf":{"@id":"https:\/\/www.jovagro.pt\/#website"},"primaryImageOfPage":{"@id":"https:\/\/manonunes.pt\/shop\/inovabio\/indutores-de-autodefesa-a-ataques-de-insetos\/crisostar\/#primaryimage"},"image":{"@id":"https:\/\/manonunes.pt\/shop\/inovabio\/indutores-de-autodefesa-a-ataques-de-insetos\/crisostar\/#primaryimage"},"thumbnailUrl":"https:\/\/mail.jovagro.pt\/wp-content\/uploads\/2024\/02\/Crisostar.png","datePublished":"2023-06-20T14:08:45+00:00","dateModified":"2025-04-21T15:03:59+00:00","breadcrumb":{"@id":"https:\/\/manonunes.pt\/shop\/inovabio\/indutores-de-autodefesa-a-ataques-de-insetos\/crisostar\/#breadcrumb"},"inLanguage":"en-GB","potentialAction":[{"@type":"ReadAction","target":["https:\/\/manonunes.pt\/shop\/inovabio\/indutores-de-autodefesa-a-ataques-de-insetos\/crisostar\/"]}]},{"@type":"ImageObject","inLanguage":"en-GB","@id":"https:\/\/manonunes.pt\/shop\/inovabio\/indutores-de-autodefesa-a-ataques-de-insetos\/crisostar\/#primaryimage","url":"https:\/\/mail.jovagro.pt\/wp-content\/uploads\/2024\/02\/Crisostar.png","contentUrl":"https:\/\/mail.jovagro.pt\/wp-content\/uploads\/2024\/02\/Crisostar.png","width":626,"height":626},{"@type":"BreadcrumbList","@id":"https:\/\/manonunes.pt\/shop\/inovabio\/indutores-de-autodefesa-a-ataques-de-insetos\/crisostar\/#breadcrumb","itemListElement":[{"@type":"ListItem","position":1,"name":"Home","item":"https:\/\/www.jovagro.pt\/"},{"@type":"ListItem","position":2,"name":"Loja","item":"https:\/\/www.jovagro.pt\/loja\/"},{"@type":"ListItem","position":3,"name":"Crisostar\u00ae"}]},{"@type":"WebSite","@id":"https:\/\/www.jovagro.pt\/#website","url":"https:\/\/www.jovagro.pt\/","name":"Jovagro","description":"Sempre com a Natureza","publisher":{"@id":"https:\/\/www.jovagro.pt\/#organization"},"potentialAction":[{"@type":"SearchAction","target":{"@type":"EntryPoint","urlTemplate":"https:\/\/www.jovagro.pt\/?s={search_term_string}"},"query-input":{"@type":"PropertyValueSpecification","valueRequired":true,"valueName":"search_term_string"}}],"inLanguage":"en-GB"},{"@type":"Organization","@id":"https:\/\/www.jovagro.pt\/#organization","name":"Jovagro","url":"https:\/\/www.jovagro.pt\/","logo":{"@type":"ImageObject","inLanguage":"en-GB","@id":"https:\/\/www.jovagro.pt\/#\/schema\/logo\/image\/","url":"https:\/\/jovagro.pt\/wp-content\/uploads\/2019\/12\/7-01-01-scaled.jpg","contentUrl":"https:\/\/jovagro.pt\/wp-content\/uploads\/2019\/12\/7-01-01-scaled.jpg","width":2560,"height":893,"caption":"Jovagro"},"image":{"@id":"https:\/\/www.jovagro.pt\/#\/schema\/logo\/image\/"},"sameAs":["https:\/\/www.facebook.com\/Jovagro\/"]}]}},"_links":{"self":[{"href":"http:\/\/mail.jovagro.pt\/en\/wp-json\/wp\/v2\/product\/37812","targetHints":{"allow":["GET"]}}],"collection":[{"href":"http:\/\/mail.jovagro.pt\/en\/wp-json\/wp\/v2\/product"}],"about":[{"href":"http:\/\/mail.jovagro.pt\/en\/wp-json\/wp\/v2\/types\/product"}],"wp:featuredmedia":[{"embeddable":true,"href":"http:\/\/mail.jovagro.pt\/en\/wp-json\/wp\/v2\/media\/37889"}],"wp:attachment":[{"href":"http:\/\/mail.jovagro.pt\/en\/wp-json\/wp\/v2\/media?parent=37812"}],"wp:term":[{"taxonomy":"product_brand","embeddable":true,"href":"http:\/\/mail.jovagro.pt\/en\/wp-json\/wp\/v2\/product_brand?post=37812"},{"taxonomy":"product_cat","embeddable":true,"href":"http:\/\/mail.jovagro.pt\/en\/wp-json\/wp\/v2\/product_cat?post=37812"},{"taxonomy":"product_tag","embeddable":true,"href":"http:\/\/mail.jovagro.pt\/en\/wp-json\/wp\/v2\/product_tag?post=37812"}],"curies":[{"name":"wp","href":"https:\/\/api.w.org\/{rel}","templated":true}]}}