{"id":36798,"date":"2023-06-20T11:49:29","date_gmt":"2023-06-20T11:49:29","guid":{"rendered":"https:\/\/www.jovagro.pt\/?post_type=product&#038;p=36798"},"modified":"2025-04-22T16:02:21","modified_gmt":"2025-04-22T16:02:21","slug":"proradix","status":"publish","type":"product","link":"https:\/\/mail.jovagro.pt\/en\/shop\/inovabio\/fungicidas-biologicos\/proradix\/","title":{"rendered":"Proradix\u00ae"},"content":{"rendered":"<style type=\"text\/css\"> \n#cmsms_row_69e626cf429ec .cmsms_row_outer_parent { \n\tpadding-top: 0px; \n} \n\n#cmsms_row_69e626cf429ec .cmsms_row_outer_parent { \n\tpadding-bottom: 50px; \n} \n\n<\/style><div id=\"cmsms_row_69e626cf429ec\" class=\"cmsms_row cmsms_color_scheme_default\">\n<div class=\"cmsms_row_outer_parent\">\n<div class=\"cmsms_row_outer\">\n<div class=\"cmsms_row_inner\">\n<div class=\"cmsms_row_margin\">\n<div class=\"cmsms_column one_first\">\n<div class=\"custom_html\">\n<table class=\"woocommerce-product-attributes shop_attributes\">\n<tbody>\n<tr class=\"woocommerce-product-attributes-item woocommerce-product-attributes-item--attribute_pa_aplicacao\">\n<th class=\"woocommerce-product-attributes-item__label\"><i>Pseudomonas sp.<\/i> estirpe DSMZ 13134<\/th>\n<td class=\"woocommerce-product-attributes-item__value\">(6.6 x10^10 CFU\/g)<\/td>\n<\/tr>\n<\/tbody>\n<\/table>\n<\/div>\n<\/div>\n<div class=\"cmsms_column one_first\">\n<p><\/p>\n<\/div>\n<\/div>\n<\/div>\n<\/div>\n<\/div>\n<\/div>","protected":false},"excerpt":{"rendered":"<p id=\"cmsms_heading_647df62110e5f\" class=\"cmsms_heading\"><span style=\"color: #808080;\">Proradix<span style=\"font-size: 16px;\"> foi desenvolvido para utiliza\u00e7\u00e3o contra os agentes patog\u00e9nicos do solo, em particular contra Rhizoctonia solani e Helminthosporium solani. Coloniza a rizoesfera mais r\u00e1pido que os pat\u00f3genos, criando um biofilme onde a disponibilidade de nutrientes e espa\u00e7o para os fungos patog\u00e9nicos se desenvolverem \u00e9 limitado. <\/span>Proradix<span style=\"font-size: 16px;\"> produz quitinases n\u00e3o ex\u00f3genas capazes de degradar as paredes celulares dos pat\u00f3genos. Induz o SAR e ativa ISR aumentado a velocidade de rea\u00e7\u00e3o de defesas espec\u00edficas contra pat\u00f3genos e stress abi\u00f3tico. Impulsiona o crescimento radicular atrav\u00e9s de subst\u00e2ncias semelhantes a hormonas como as auxinas, citoquininas e etileno.<\/span><\/span><\/p>\n<div class=\"cmsms_text\" style=\"position: absolute; bottom: 0;\">\n<h5><strong>\u00a0<\/strong><\/h5>\n<\/div>","protected":false},"featured_media":36621,"template":"","meta":{"_monsterinsights_skip_tracking":false,"_monsterinsights_sitenote_active":false,"_monsterinsights_sitenote_note":"","_monsterinsights_sitenote_category":0},"product_brand":[],"product_cat":[502],"product_tag":[],"class_list":{"0":"post-36798","1":"product","2":"type-product","3":"status-publish","4":"has-post-thumbnail","6":"product_cat-fungicidas-biologicos","8":"first","9":"instock","10":"taxable","11":"shipping-taxable","12":"purchasable","13":"product-type-variable"},"yoast_head":"<!-- This site is optimized with the Yoast SEO plugin v27.4 - https:\/\/yoast.com\/product\/yoast-seo-wordpress\/ -->\n<title>Proradix\u00ae - Jovagro<\/title>\n<meta name=\"robots\" content=\"index, follow, max-snippet:-1, max-image-preview:large, max-video-preview:-1\" \/>\n<link rel=\"canonical\" href=\"https:\/\/zapaf.pt\/shop\/inovabio\/fungicidas-biologicos\/proradix\/\" \/>\n<meta property=\"og:locale\" content=\"en_GB\" \/>\n<meta property=\"og:type\" content=\"article\" \/>\n<meta property=\"og:title\" content=\"Proradix\u00ae - Jovagro\" \/>\n<meta property=\"og:description\" content=\"Proradix foi desenvolvido para utiliza\u00e7\u00e3o contra os agentes patog\u00e9nicos do solo, em particular contra Rhizoctonia solani e Helminthosporium solani. Coloniza a rizoesfera mais r\u00e1pido que os pat\u00f3genos, criando um biofilme onde a disponibilidade de nutrientes e espa\u00e7o para os fungos patog\u00e9nicos se desenvolverem \u00e9 limitado. Proradix produz quitinases n\u00e3o ex\u00f3genas capazes de degradar as paredes celulares dos pat\u00f3genos. Induz o SAR e ativa ISR aumentado a velocidade de rea\u00e7\u00e3o de defesas espec\u00edficas contra pat\u00f3genos e stress abi\u00f3tico. Impulsiona o crescimento radicular atrav\u00e9s de subst\u00e2ncias semelhantes a hormonas como as auxinas, citoquininas e etileno.   \u00a0\" \/>\n<meta property=\"og:url\" content=\"https:\/\/zapaf.pt\/shop\/inovabio\/fungicidas-biologicos\/proradix\/\" \/>\n<meta property=\"og:site_name\" content=\"Jovagro\" \/>\n<meta property=\"article:publisher\" content=\"https:\/\/www.facebook.com\/Jovagro\/\" \/>\n<meta property=\"article:modified_time\" content=\"2025-04-22T16:02:21+00:00\" \/>\n<meta property=\"og:image\" content=\"https:\/\/zapaf.pt\/wp-content\/uploads\/2023\/06\/Proradix.png\" \/>\n\t<meta property=\"og:image:width\" content=\"2560\" \/>\n\t<meta property=\"og:image:height\" content=\"2560\" \/>\n\t<meta property=\"og:image:type\" content=\"image\/png\" \/>\n<meta name=\"twitter:card\" content=\"summary_large_image\" \/>\n<meta name=\"twitter:label1\" content=\"Estimated reading time\" \/>\n\t<meta name=\"twitter:data1\" content=\"1 minute\" \/>\n<script type=\"application\/ld+json\" class=\"yoast-schema-graph\">{\"@context\":\"https:\\\/\\\/schema.org\",\"@graph\":[{\"@type\":\"WebPage\",\"@id\":\"https:\\\/\\\/zapaf.pt\\\/shop\\\/inovabio\\\/fungicidas-biologicos\\\/proradix\\\/\",\"url\":\"https:\\\/\\\/zapaf.pt\\\/shop\\\/inovabio\\\/fungicidas-biologicos\\\/proradix\\\/\",\"name\":\"Proradix\u00ae - Jovagro\",\"isPartOf\":{\"@id\":\"https:\\\/\\\/www.jovagro.pt\\\/en\\\/#website\"},\"primaryImageOfPage\":{\"@id\":\"https:\\\/\\\/zapaf.pt\\\/shop\\\/inovabio\\\/fungicidas-biologicos\\\/proradix\\\/#primaryimage\"},\"image\":{\"@id\":\"https:\\\/\\\/zapaf.pt\\\/shop\\\/inovabio\\\/fungicidas-biologicos\\\/proradix\\\/#primaryimage\"},\"thumbnailUrl\":\"https:\\\/\\\/mail.jovagro.pt\\\/wp-content\\\/uploads\\\/2023\\\/06\\\/Proradix.png\",\"datePublished\":\"2023-06-20T11:49:29+00:00\",\"dateModified\":\"2025-04-22T16:02:21+00:00\",\"breadcrumb\":{\"@id\":\"https:\\\/\\\/zapaf.pt\\\/shop\\\/inovabio\\\/fungicidas-biologicos\\\/proradix\\\/#breadcrumb\"},\"inLanguage\":\"en-GB\",\"potentialAction\":[{\"@type\":\"ReadAction\",\"target\":[\"https:\\\/\\\/zapaf.pt\\\/shop\\\/inovabio\\\/fungicidas-biologicos\\\/proradix\\\/\"]}]},{\"@type\":\"ImageObject\",\"inLanguage\":\"en-GB\",\"@id\":\"https:\\\/\\\/zapaf.pt\\\/shop\\\/inovabio\\\/fungicidas-biologicos\\\/proradix\\\/#primaryimage\",\"url\":\"https:\\\/\\\/mail.jovagro.pt\\\/wp-content\\\/uploads\\\/2023\\\/06\\\/Proradix.png\",\"contentUrl\":\"https:\\\/\\\/mail.jovagro.pt\\\/wp-content\\\/uploads\\\/2023\\\/06\\\/Proradix.png\",\"width\":2560,\"height\":2560},{\"@type\":\"BreadcrumbList\",\"@id\":\"https:\\\/\\\/zapaf.pt\\\/shop\\\/inovabio\\\/fungicidas-biologicos\\\/proradix\\\/#breadcrumb\",\"itemListElement\":[{\"@type\":\"ListItem\",\"position\":1,\"name\":\"Home\",\"item\":\"https:\\\/\\\/www.jovagro.pt\\\/en\\\/\"},{\"@type\":\"ListItem\",\"position\":2,\"name\":\"Loja\",\"item\":\"https:\\\/\\\/mail.manonunes.pt\\\/en\\\/loja\\\/\"},{\"@type\":\"ListItem\",\"position\":3,\"name\":\"Proradix\u00ae\"}]},{\"@type\":\"WebSite\",\"@id\":\"https:\\\/\\\/www.jovagro.pt\\\/en\\\/#website\",\"url\":\"https:\\\/\\\/www.jovagro.pt\\\/en\\\/\",\"name\":\"Jovagro\",\"description\":\"Sempre com a Natureza\",\"publisher\":{\"@id\":\"https:\\\/\\\/www.jovagro.pt\\\/en\\\/#organization\"},\"potentialAction\":[{\"@type\":\"SearchAction\",\"target\":{\"@type\":\"EntryPoint\",\"urlTemplate\":\"https:\\\/\\\/www.jovagro.pt\\\/en\\\/?s={search_term_string}\"},\"query-input\":{\"@type\":\"PropertyValueSpecification\",\"valueRequired\":true,\"valueName\":\"search_term_string\"}}],\"inLanguage\":\"en-GB\"},{\"@type\":\"Organization\",\"@id\":\"https:\\\/\\\/www.jovagro.pt\\\/en\\\/#organization\",\"name\":\"Jovagro\",\"url\":\"https:\\\/\\\/www.jovagro.pt\\\/en\\\/\",\"logo\":{\"@type\":\"ImageObject\",\"inLanguage\":\"en-GB\",\"@id\":\"https:\\\/\\\/www.jovagro.pt\\\/en\\\/#\\\/schema\\\/logo\\\/image\\\/\",\"url\":\"https:\\\/\\\/jovagro.pt\\\/wp-content\\\/uploads\\\/2019\\\/12\\\/7-01-01-scaled.jpg\",\"contentUrl\":\"https:\\\/\\\/jovagro.pt\\\/wp-content\\\/uploads\\\/2019\\\/12\\\/7-01-01-scaled.jpg\",\"width\":2560,\"height\":893,\"caption\":\"Jovagro\"},\"image\":{\"@id\":\"https:\\\/\\\/www.jovagro.pt\\\/en\\\/#\\\/schema\\\/logo\\\/image\\\/\"},\"sameAs\":[\"https:\\\/\\\/www.facebook.com\\\/Jovagro\\\/\"]}]}<\/script>\n<!-- \/ Yoast SEO plugin. -->","yoast_head_json":{"title":"Proradix\u00ae - Jovagro","robots":{"index":"index","follow":"follow","max-snippet":"max-snippet:-1","max-image-preview":"max-image-preview:large","max-video-preview":"max-video-preview:-1"},"canonical":"https:\/\/zapaf.pt\/shop\/inovabio\/fungicidas-biologicos\/proradix\/","og_locale":"en_GB","og_type":"article","og_title":"Proradix\u00ae - Jovagro","og_description":"Proradix foi desenvolvido para utiliza\u00e7\u00e3o contra os agentes patog\u00e9nicos do solo, em particular contra Rhizoctonia solani e Helminthosporium solani. Coloniza a rizoesfera mais r\u00e1pido que os pat\u00f3genos, criando um biofilme onde a disponibilidade de nutrientes e espa\u00e7o para os fungos patog\u00e9nicos se desenvolverem \u00e9 limitado. Proradix produz quitinases n\u00e3o ex\u00f3genas capazes de degradar as paredes celulares dos pat\u00f3genos. Induz o SAR e ativa ISR aumentado a velocidade de rea\u00e7\u00e3o de defesas espec\u00edficas contra pat\u00f3genos e stress abi\u00f3tico. Impulsiona o crescimento radicular atrav\u00e9s de subst\u00e2ncias semelhantes a hormonas como as auxinas, citoquininas e etileno.   \u00a0","og_url":"https:\/\/zapaf.pt\/shop\/inovabio\/fungicidas-biologicos\/proradix\/","og_site_name":"Jovagro","article_publisher":"https:\/\/www.facebook.com\/Jovagro\/","article_modified_time":"2025-04-22T16:02:21+00:00","og_image":[{"width":2560,"height":2560,"url":"https:\/\/zapaf.pt\/wp-content\/uploads\/2023\/06\/Proradix.png","type":"image\/png"}],"twitter_card":"summary_large_image","twitter_misc":{"Estimated reading time":"1 minute"},"schema":{"@context":"https:\/\/schema.org","@graph":[{"@type":"WebPage","@id":"https:\/\/zapaf.pt\/shop\/inovabio\/fungicidas-biologicos\/proradix\/","url":"https:\/\/zapaf.pt\/shop\/inovabio\/fungicidas-biologicos\/proradix\/","name":"Proradix\u00ae - Jovagro","isPartOf":{"@id":"https:\/\/www.jovagro.pt\/en\/#website"},"primaryImageOfPage":{"@id":"https:\/\/zapaf.pt\/shop\/inovabio\/fungicidas-biologicos\/proradix\/#primaryimage"},"image":{"@id":"https:\/\/zapaf.pt\/shop\/inovabio\/fungicidas-biologicos\/proradix\/#primaryimage"},"thumbnailUrl":"https:\/\/mail.jovagro.pt\/wp-content\/uploads\/2023\/06\/Proradix.png","datePublished":"2023-06-20T11:49:29+00:00","dateModified":"2025-04-22T16:02:21+00:00","breadcrumb":{"@id":"https:\/\/zapaf.pt\/shop\/inovabio\/fungicidas-biologicos\/proradix\/#breadcrumb"},"inLanguage":"en-GB","potentialAction":[{"@type":"ReadAction","target":["https:\/\/zapaf.pt\/shop\/inovabio\/fungicidas-biologicos\/proradix\/"]}]},{"@type":"ImageObject","inLanguage":"en-GB","@id":"https:\/\/zapaf.pt\/shop\/inovabio\/fungicidas-biologicos\/proradix\/#primaryimage","url":"https:\/\/mail.jovagro.pt\/wp-content\/uploads\/2023\/06\/Proradix.png","contentUrl":"https:\/\/mail.jovagro.pt\/wp-content\/uploads\/2023\/06\/Proradix.png","width":2560,"height":2560},{"@type":"BreadcrumbList","@id":"https:\/\/zapaf.pt\/shop\/inovabio\/fungicidas-biologicos\/proradix\/#breadcrumb","itemListElement":[{"@type":"ListItem","position":1,"name":"Home","item":"https:\/\/www.jovagro.pt\/en\/"},{"@type":"ListItem","position":2,"name":"Loja","item":"https:\/\/mail.manonunes.pt\/en\/loja\/"},{"@type":"ListItem","position":3,"name":"Proradix\u00ae"}]},{"@type":"WebSite","@id":"https:\/\/www.jovagro.pt\/en\/#website","url":"https:\/\/www.jovagro.pt\/en\/","name":"Jovagro","description":"Sempre com a Natureza","publisher":{"@id":"https:\/\/www.jovagro.pt\/en\/#organization"},"potentialAction":[{"@type":"SearchAction","target":{"@type":"EntryPoint","urlTemplate":"https:\/\/www.jovagro.pt\/en\/?s={search_term_string}"},"query-input":{"@type":"PropertyValueSpecification","valueRequired":true,"valueName":"search_term_string"}}],"inLanguage":"en-GB"},{"@type":"Organization","@id":"https:\/\/www.jovagro.pt\/en\/#organization","name":"Jovagro","url":"https:\/\/www.jovagro.pt\/en\/","logo":{"@type":"ImageObject","inLanguage":"en-GB","@id":"https:\/\/www.jovagro.pt\/en\/#\/schema\/logo\/image\/","url":"https:\/\/jovagro.pt\/wp-content\/uploads\/2019\/12\/7-01-01-scaled.jpg","contentUrl":"https:\/\/jovagro.pt\/wp-content\/uploads\/2019\/12\/7-01-01-scaled.jpg","width":2560,"height":893,"caption":"Jovagro"},"image":{"@id":"https:\/\/www.jovagro.pt\/en\/#\/schema\/logo\/image\/"},"sameAs":["https:\/\/www.facebook.com\/Jovagro\/"]}]}},"_links":{"self":[{"href":"https:\/\/mail.jovagro.pt\/en\/wp-json\/wp\/v2\/product\/36798","targetHints":{"allow":["GET"]}}],"collection":[{"href":"https:\/\/mail.jovagro.pt\/en\/wp-json\/wp\/v2\/product"}],"about":[{"href":"https:\/\/mail.jovagro.pt\/en\/wp-json\/wp\/v2\/types\/product"}],"wp:featuredmedia":[{"embeddable":true,"href":"https:\/\/mail.jovagro.pt\/en\/wp-json\/wp\/v2\/media\/36621"}],"wp:attachment":[{"href":"https:\/\/mail.jovagro.pt\/en\/wp-json\/wp\/v2\/media?parent=36798"}],"wp:term":[{"taxonomy":"product_brand","embeddable":true,"href":"https:\/\/mail.jovagro.pt\/en\/wp-json\/wp\/v2\/product_brand?post=36798"},{"taxonomy":"product_cat","embeddable":true,"href":"https:\/\/mail.jovagro.pt\/en\/wp-json\/wp\/v2\/product_cat?post=36798"},{"taxonomy":"product_tag","embeddable":true,"href":"https:\/\/mail.jovagro.pt\/en\/wp-json\/wp\/v2\/product_tag?post=36798"}],"curies":[{"name":"wp","href":"https:\/\/api.w.org\/{rel}","templated":true}]}}