{"id":36817,"date":"2023-06-20T15:37:21","date_gmt":"2023-06-20T15:37:21","guid":{"rendered":"https:\/\/www.jovagro.pt\/?post_type=product&#038;p=36817"},"modified":"2025-04-22T16:25:08","modified_gmt":"2025-04-22T16:25:08","slug":"naturcomplet-g","status":"publish","type":"product","link":"https:\/\/mail.jovagro.pt\/en\/shop\/inovabio\/fitonutricao\/materias-organicas\/naturcomplet-g\/","title":{"rendered":"Naturcomplet\u00ae-G"},"content":{"rendered":"<style type=\"text\/css\"> \n#cmsms_row_69e160fc288ac .cmsms_row_outer_parent { \n\tpadding-top: 0px; \n} \n\n#cmsms_row_69e160fc288ac .cmsms_row_outer_parent { \n\tpadding-bottom: 50px; \n} \n\n<\/style><div id=\"cmsms_row_69e160fc288ac\" class=\"cmsms_row cmsms_color_scheme_default\">\n<div class=\"cmsms_row_outer_parent\">\n<div class=\"cmsms_row_outer\">\n<div class=\"cmsms_row_inner\">\n<div class=\"cmsms_row_margin\">\n<div class=\"cmsms_column one_first\">\n<div class=\"custom_html\">\n<table class=\"woocommerce-product-attributes shop_attributes\">\n<tbody>\n<tr class=\"woocommerce-product-attributes-item woocommerce-product-attributes-item--attribute_pa_aplicacao\">\n<th class=\"woocommerce-product-attributes-item__label\">Azoto (N) org\u00e2nico<\/th>\n<td class=\"woocommerce-product-attributes-item__value\">1%<\/td>\n<\/tr>\n<tr class=\"woocommerce-product-attributes-item woocommerce-product-attributes-item--attribute_pa_aplicacao\">\n<th class=\"woocommerce-product-attributes-item__label\">\u00d3xido de Pot\u00e1ssio (K2O)<\/th>\n<td class=\"woocommerce-product-attributes-item__value\">5%<\/td>\n<\/tr>\n<tr class=\"woocommerce-product-attributes-item woocommerce-product-attributes-item--attribute_pa_aplicacao\">\n<th class=\"woocommerce-product-attributes-item__label\">Mat\u00e9ria Org\u00e2nica Total<\/th>\n<td class=\"woocommerce-product-attributes-item__value\">50%<\/td>\n<\/tr>\n<tr class=\"woocommerce-product-attributes-item woocommerce-product-attributes-item--attribute_pa_aplicacao\">\n<th class=\"woocommerce-product-attributes-item__label\">Extracto H\u00famico Total<\/th>\n<td class=\"woocommerce-product-attributes-item__value\">50%<\/td>\n<\/tr>\n<tr class=\"woocommerce-product-attributes-item woocommerce-product-attributes-item--attribute_pa_aplicacao\">\n<th class=\"woocommerce-product-attributes-item__label\">\u00c1cidos H\u00famicos<\/th>\n<td class=\"woocommerce-product-attributes-item__value\">42%<\/td>\n<\/tr>\n<tr class=\"woocommerce-product-attributes-item woocommerce-product-attributes-item--attribute_pa_aplicacao\">\n<th class=\"woocommerce-product-attributes-item__label\">\u00c1cidos F\u00falvicos<\/th>\n<td class=\"woocommerce-product-attributes-item__value\">8%<\/td>\n<\/tr>\n<tr class=\"woocommerce-product-attributes-item woocommerce-product-attributes-item--attribute_pa_aplicacao\">\n<th class=\"woocommerce-product-attributes-item__label\">Ferro (Fe) Total<\/th>\n<td class=\"woocommerce-product-attributes-item__value\">1%<\/td>\n<\/tr>\n<\/tbody>\n<\/table>\n<\/div>\n<\/div>\n<div class=\"cmsms_column one_first\">\n<p><\/p>\n<\/div>\n<\/div>\n<\/div>\n<\/div>\n<\/div>\n<\/div>","protected":false},"excerpt":{"rendered":"<p id=\"cmsms_heading_647df62110e5f\" class=\"cmsms_heading\"><span style=\"color: #808080;\">Naturcomplet-G<span style=\"font-size: 16px;\"> \u00e9 uma mat\u00e9ria org\u00e2nica s\u00f3lida granulada com alta concentra\u00e7\u00e3o em \u00e1cidos h\u00famicos, para aplica\u00e7\u00e3o localizada ou a lan\u00e7o. Produto de alta qualidade, gr\u00e2nulos de 2-5mm redondos, sem cheiro e isento de sementes de infestantes. Naturcomplet-G melhora a estrutura de solo, aumenta a solubilidade e a extratibilidade de macro e micro nutrientes e favorece a fauna de microrganismos de solo. <\/span>Naturcomplet-G<span style=\"font-size: 16px;\"> dota a terra de uma estrutura esponjosa, amolecendo os solos compactados e ligando os solos arenosos. Melhor a efetividade dos adubos minerais e incrementa o conte\u00fado de mat\u00e9ria org\u00e2nica do solo. Corrige a mineraliza\u00e7\u00e3o e saliniza\u00e7\u00e3o do solo. Estimula o crescimento radicular. Incrementa a Capacidade de Troca Cati\u00f3nica do solo.<\/span><\/span><\/p>\n<p><img loading=\"lazy\" decoding=\"async\" class=\"alignnone size-full wp-image-38351\" src=\"https:\/\/www.jovagro.pt\/wp-content\/uploads\/2023\/06\/approved-by-ecocert-inputs-vector-logo.png\" alt=\"\" width=\"80\" height=\"80\" \/> <img loading=\"lazy\" decoding=\"async\" class=\"alignnone wp-image-38347\" src=\"https:\/\/www.jovagro.pt\/wp-content\/uploads\/2023\/06\/intereco_Vlogo_281119.png\" alt=\"\" width=\"70\" height=\"70\" srcset=\"https:\/\/mail.jovagro.pt\/wp-content\/uploads\/2023\/06\/intereco_Vlogo_281119.png 80w, https:\/\/mail.jovagro.pt\/wp-content\/uploads\/2023\/06\/intereco_Vlogo_281119-12x12.png 12w, https:\/\/mail.jovagro.pt\/wp-content\/uploads\/2023\/06\/intereco_Vlogo_281119-55x55.png 55w\" sizes=\"auto, (max-width: 70px) 100vw, 70px\" \/> <img loading=\"lazy\" decoding=\"async\" class=\"alignnone size-full wp-image-38350\" src=\"https:\/\/www.jovagro.pt\/wp-content\/uploads\/2023\/06\/OMRI-listed-logo-cmyk.png\" alt=\"\" width=\"80\" height=\"80\" srcset=\"https:\/\/mail.jovagro.pt\/wp-content\/uploads\/2023\/06\/OMRI-listed-logo-cmyk.png 80w, https:\/\/mail.jovagro.pt\/wp-content\/uploads\/2023\/06\/OMRI-listed-logo-cmyk-12x12.png 12w, https:\/\/mail.jovagro.pt\/wp-content\/uploads\/2023\/06\/OMRI-listed-logo-cmyk-55x55.png 55w\" sizes=\"auto, (max-width: 80px) 100vw, 80px\" \/><\/p>\n<div class=\"cmsms_text\">\n<p>&nbsp;<\/p>\n<\/div>\n<p>&nbsp;<\/p>\n<div class=\"cmsms_text\" style=\"position: absolute; bottom: 0;\">\n<h5><\/h5>\n<\/div>","protected":false},"featured_media":4170,"template":"","meta":{"_monsterinsights_skip_tracking":false,"_monsterinsights_sitenote_active":false,"_monsterinsights_sitenote_note":"","_monsterinsights_sitenote_category":0},"product_brand":[],"product_cat":[531],"product_tag":[],"class_list":{"0":"post-36817","1":"product","2":"type-product","3":"status-publish","4":"has-post-thumbnail","6":"product_cat-materias-organicas","8":"first","9":"instock","10":"taxable","11":"shipping-taxable","12":"purchasable","13":"product-type-variable"},"yoast_head":"<!-- This site is optimized with the Yoast SEO plugin v27.4 - https:\/\/yoast.com\/product\/yoast-seo-wordpress\/ -->\n<title>Naturcomplet\u00ae-G - Jovagro<\/title>\n<meta name=\"robots\" content=\"noindex, follow\" \/>\n<meta property=\"og:locale\" content=\"en_GB\" \/>\n<meta property=\"og:type\" content=\"article\" \/>\n<meta property=\"og:title\" content=\"Naturcomplet\u00ae-G - Jovagro\" \/>\n<meta property=\"og:description\" content=\"Naturcomplet-G \u00e9 uma mat\u00e9ria org\u00e2nica s\u00f3lida granulada com alta concentra\u00e7\u00e3o em \u00e1cidos h\u00famicos, para aplica\u00e7\u00e3o localizada ou a lan\u00e7o. Produto de alta qualidade, gr\u00e2nulos de 2-5mm redondos, sem cheiro e isento de sementes de infestantes. Naturcomplet-G melhora a estrutura de solo, aumenta a solubilidade e a extratibilidade de macro e micro nutrientes e favorece a fauna de microrganismos de solo. Naturcomplet-G dota a terra de uma estrutura esponjosa, amolecendo os solos compactados e ligando os solos arenosos. Melhor a efetividade dos adubos minerais e incrementa o conte\u00fado de mat\u00e9ria org\u00e2nica do solo. Corrige a mineraliza\u00e7\u00e3o e saliniza\u00e7\u00e3o do solo. Estimula o crescimento radicular. Incrementa a Capacidade de Troca Cati\u00f3nica do solo.     &nbsp;   &nbsp;\" \/>\n<meta property=\"og:url\" content=\"https:\/\/www.jovagro.pt\/en\/shop\/inovabio\/fitonutricao\/materias-organicas\/naturcomplet-g\/\" \/>\n<meta property=\"og:site_name\" content=\"Jovagro\" \/>\n<meta property=\"article:publisher\" content=\"https:\/\/www.facebook.com\/Jovagro\/\" \/>\n<meta property=\"article:modified_time\" content=\"2025-04-22T16:25:08+00:00\" \/>\n<meta property=\"og:image\" content=\"https:\/\/www.jovagro.pt\/wp-content\/uploads\/2020\/01\/Naturcomplet.png\" \/>\n\t<meta property=\"og:image:width\" content=\"626\" \/>\n\t<meta property=\"og:image:height\" content=\"626\" \/>\n\t<meta property=\"og:image:type\" content=\"image\/png\" \/>\n<meta name=\"twitter:card\" content=\"summary_large_image\" \/>\n<meta name=\"twitter:label1\" content=\"Estimated reading time\" \/>\n\t<meta name=\"twitter:data1\" content=\"1 minute\" \/>\n<script type=\"application\/ld+json\" class=\"yoast-schema-graph\">{\"@context\":\"https:\\\/\\\/schema.org\",\"@graph\":[{\"@type\":\"WebPage\",\"@id\":\"https:\\\/\\\/www.jovagro.pt\\\/en\\\/shop\\\/inovabio\\\/fitonutricao\\\/materias-organicas\\\/naturcomplet-g\\\/\",\"url\":\"https:\\\/\\\/www.jovagro.pt\\\/en\\\/shop\\\/inovabio\\\/fitonutricao\\\/materias-organicas\\\/naturcomplet-g\\\/\",\"name\":\"Naturcomplet\u00ae-G - Jovagro\",\"isPartOf\":{\"@id\":\"https:\\\/\\\/www.jovagro.pt\\\/#website\"},\"primaryImageOfPage\":{\"@id\":\"https:\\\/\\\/www.jovagro.pt\\\/en\\\/shop\\\/inovabio\\\/fitonutricao\\\/materias-organicas\\\/naturcomplet-g\\\/#primaryimage\"},\"image\":{\"@id\":\"https:\\\/\\\/www.jovagro.pt\\\/en\\\/shop\\\/inovabio\\\/fitonutricao\\\/materias-organicas\\\/naturcomplet-g\\\/#primaryimage\"},\"thumbnailUrl\":\"https:\\\/\\\/mail.jovagro.pt\\\/wp-content\\\/uploads\\\/2020\\\/01\\\/Naturcomplet.png\",\"datePublished\":\"2023-06-20T15:37:21+00:00\",\"dateModified\":\"2025-04-22T16:25:08+00:00\",\"breadcrumb\":{\"@id\":\"https:\\\/\\\/www.jovagro.pt\\\/en\\\/shop\\\/inovabio\\\/fitonutricao\\\/materias-organicas\\\/naturcomplet-g\\\/#breadcrumb\"},\"inLanguage\":\"en-GB\",\"potentialAction\":[{\"@type\":\"ReadAction\",\"target\":[\"https:\\\/\\\/www.jovagro.pt\\\/en\\\/shop\\\/inovabio\\\/fitonutricao\\\/materias-organicas\\\/naturcomplet-g\\\/\"]}]},{\"@type\":\"ImageObject\",\"inLanguage\":\"en-GB\",\"@id\":\"https:\\\/\\\/www.jovagro.pt\\\/en\\\/shop\\\/inovabio\\\/fitonutricao\\\/materias-organicas\\\/naturcomplet-g\\\/#primaryimage\",\"url\":\"https:\\\/\\\/mail.jovagro.pt\\\/wp-content\\\/uploads\\\/2020\\\/01\\\/Naturcomplet.png\",\"contentUrl\":\"https:\\\/\\\/mail.jovagro.pt\\\/wp-content\\\/uploads\\\/2020\\\/01\\\/Naturcomplet.png\",\"width\":626,\"height\":626},{\"@type\":\"BreadcrumbList\",\"@id\":\"https:\\\/\\\/www.jovagro.pt\\\/en\\\/shop\\\/inovabio\\\/fitonutricao\\\/materias-organicas\\\/naturcomplet-g\\\/#breadcrumb\",\"itemListElement\":[{\"@type\":\"ListItem\",\"position\":1,\"name\":\"Home\",\"item\":\"https:\\\/\\\/www.jovagro.pt\\\/\"},{\"@type\":\"ListItem\",\"position\":2,\"name\":\"Loja\",\"item\":\"https:\\\/\\\/www.jovagro.pt\\\/loja\\\/\"},{\"@type\":\"ListItem\",\"position\":3,\"name\":\"Naturcomplet\u00ae-G\"}]},{\"@type\":\"WebSite\",\"@id\":\"https:\\\/\\\/www.jovagro.pt\\\/#website\",\"url\":\"https:\\\/\\\/www.jovagro.pt\\\/\",\"name\":\"Jovagro\",\"description\":\"Sempre com a Natureza\",\"publisher\":{\"@id\":\"https:\\\/\\\/www.jovagro.pt\\\/#organization\"},\"potentialAction\":[{\"@type\":\"SearchAction\",\"target\":{\"@type\":\"EntryPoint\",\"urlTemplate\":\"https:\\\/\\\/www.jovagro.pt\\\/?s={search_term_string}\"},\"query-input\":{\"@type\":\"PropertyValueSpecification\",\"valueRequired\":true,\"valueName\":\"search_term_string\"}}],\"inLanguage\":\"en-GB\"},{\"@type\":\"Organization\",\"@id\":\"https:\\\/\\\/www.jovagro.pt\\\/#organization\",\"name\":\"Jovagro\",\"url\":\"https:\\\/\\\/www.jovagro.pt\\\/\",\"logo\":{\"@type\":\"ImageObject\",\"inLanguage\":\"en-GB\",\"@id\":\"https:\\\/\\\/www.jovagro.pt\\\/#\\\/schema\\\/logo\\\/image\\\/\",\"url\":\"https:\\\/\\\/jovagro.pt\\\/wp-content\\\/uploads\\\/2019\\\/12\\\/7-01-01-scaled.jpg\",\"contentUrl\":\"https:\\\/\\\/jovagro.pt\\\/wp-content\\\/uploads\\\/2019\\\/12\\\/7-01-01-scaled.jpg\",\"width\":2560,\"height\":893,\"caption\":\"Jovagro\"},\"image\":{\"@id\":\"https:\\\/\\\/www.jovagro.pt\\\/#\\\/schema\\\/logo\\\/image\\\/\"},\"sameAs\":[\"https:\\\/\\\/www.facebook.com\\\/Jovagro\\\/\"]}]}<\/script>\n<!-- \/ Yoast SEO plugin. -->","yoast_head_json":{"title":"Naturcomplet\u00ae-G - Jovagro","robots":{"index":"noindex","follow":"follow"},"og_locale":"en_GB","og_type":"article","og_title":"Naturcomplet\u00ae-G - Jovagro","og_description":"Naturcomplet-G \u00e9 uma mat\u00e9ria org\u00e2nica s\u00f3lida granulada com alta concentra\u00e7\u00e3o em \u00e1cidos h\u00famicos, para aplica\u00e7\u00e3o localizada ou a lan\u00e7o. Produto de alta qualidade, gr\u00e2nulos de 2-5mm redondos, sem cheiro e isento de sementes de infestantes. Naturcomplet-G melhora a estrutura de solo, aumenta a solubilidade e a extratibilidade de macro e micro nutrientes e favorece a fauna de microrganismos de solo. Naturcomplet-G dota a terra de uma estrutura esponjosa, amolecendo os solos compactados e ligando os solos arenosos. Melhor a efetividade dos adubos minerais e incrementa o conte\u00fado de mat\u00e9ria org\u00e2nica do solo. Corrige a mineraliza\u00e7\u00e3o e saliniza\u00e7\u00e3o do solo. Estimula o crescimento radicular. Incrementa a Capacidade de Troca Cati\u00f3nica do solo.     &nbsp;   &nbsp;","og_url":"https:\/\/www.jovagro.pt\/en\/shop\/inovabio\/fitonutricao\/materias-organicas\/naturcomplet-g\/","og_site_name":"Jovagro","article_publisher":"https:\/\/www.facebook.com\/Jovagro\/","article_modified_time":"2025-04-22T16:25:08+00:00","og_image":[{"width":626,"height":626,"url":"https:\/\/www.jovagro.pt\/wp-content\/uploads\/2020\/01\/Naturcomplet.png","type":"image\/png"}],"twitter_card":"summary_large_image","twitter_misc":{"Estimated reading time":"1 minute"},"schema":{"@context":"https:\/\/schema.org","@graph":[{"@type":"WebPage","@id":"https:\/\/www.jovagro.pt\/en\/shop\/inovabio\/fitonutricao\/materias-organicas\/naturcomplet-g\/","url":"https:\/\/www.jovagro.pt\/en\/shop\/inovabio\/fitonutricao\/materias-organicas\/naturcomplet-g\/","name":"Naturcomplet\u00ae-G - Jovagro","isPartOf":{"@id":"https:\/\/www.jovagro.pt\/#website"},"primaryImageOfPage":{"@id":"https:\/\/www.jovagro.pt\/en\/shop\/inovabio\/fitonutricao\/materias-organicas\/naturcomplet-g\/#primaryimage"},"image":{"@id":"https:\/\/www.jovagro.pt\/en\/shop\/inovabio\/fitonutricao\/materias-organicas\/naturcomplet-g\/#primaryimage"},"thumbnailUrl":"https:\/\/mail.jovagro.pt\/wp-content\/uploads\/2020\/01\/Naturcomplet.png","datePublished":"2023-06-20T15:37:21+00:00","dateModified":"2025-04-22T16:25:08+00:00","breadcrumb":{"@id":"https:\/\/www.jovagro.pt\/en\/shop\/inovabio\/fitonutricao\/materias-organicas\/naturcomplet-g\/#breadcrumb"},"inLanguage":"en-GB","potentialAction":[{"@type":"ReadAction","target":["https:\/\/www.jovagro.pt\/en\/shop\/inovabio\/fitonutricao\/materias-organicas\/naturcomplet-g\/"]}]},{"@type":"ImageObject","inLanguage":"en-GB","@id":"https:\/\/www.jovagro.pt\/en\/shop\/inovabio\/fitonutricao\/materias-organicas\/naturcomplet-g\/#primaryimage","url":"https:\/\/mail.jovagro.pt\/wp-content\/uploads\/2020\/01\/Naturcomplet.png","contentUrl":"https:\/\/mail.jovagro.pt\/wp-content\/uploads\/2020\/01\/Naturcomplet.png","width":626,"height":626},{"@type":"BreadcrumbList","@id":"https:\/\/www.jovagro.pt\/en\/shop\/inovabio\/fitonutricao\/materias-organicas\/naturcomplet-g\/#breadcrumb","itemListElement":[{"@type":"ListItem","position":1,"name":"Home","item":"https:\/\/www.jovagro.pt\/"},{"@type":"ListItem","position":2,"name":"Loja","item":"https:\/\/www.jovagro.pt\/loja\/"},{"@type":"ListItem","position":3,"name":"Naturcomplet\u00ae-G"}]},{"@type":"WebSite","@id":"https:\/\/www.jovagro.pt\/#website","url":"https:\/\/www.jovagro.pt\/","name":"Jovagro","description":"Sempre com a Natureza","publisher":{"@id":"https:\/\/www.jovagro.pt\/#organization"},"potentialAction":[{"@type":"SearchAction","target":{"@type":"EntryPoint","urlTemplate":"https:\/\/www.jovagro.pt\/?s={search_term_string}"},"query-input":{"@type":"PropertyValueSpecification","valueRequired":true,"valueName":"search_term_string"}}],"inLanguage":"en-GB"},{"@type":"Organization","@id":"https:\/\/www.jovagro.pt\/#organization","name":"Jovagro","url":"https:\/\/www.jovagro.pt\/","logo":{"@type":"ImageObject","inLanguage":"en-GB","@id":"https:\/\/www.jovagro.pt\/#\/schema\/logo\/image\/","url":"https:\/\/jovagro.pt\/wp-content\/uploads\/2019\/12\/7-01-01-scaled.jpg","contentUrl":"https:\/\/jovagro.pt\/wp-content\/uploads\/2019\/12\/7-01-01-scaled.jpg","width":2560,"height":893,"caption":"Jovagro"},"image":{"@id":"https:\/\/www.jovagro.pt\/#\/schema\/logo\/image\/"},"sameAs":["https:\/\/www.facebook.com\/Jovagro\/"]}]}},"_links":{"self":[{"href":"https:\/\/mail.jovagro.pt\/en\/wp-json\/wp\/v2\/product\/36817","targetHints":{"allow":["GET"]}}],"collection":[{"href":"https:\/\/mail.jovagro.pt\/en\/wp-json\/wp\/v2\/product"}],"about":[{"href":"https:\/\/mail.jovagro.pt\/en\/wp-json\/wp\/v2\/types\/product"}],"wp:featuredmedia":[{"embeddable":true,"href":"https:\/\/mail.jovagro.pt\/en\/wp-json\/wp\/v2\/media\/4170"}],"wp:attachment":[{"href":"https:\/\/mail.jovagro.pt\/en\/wp-json\/wp\/v2\/media?parent=36817"}],"wp:term":[{"taxonomy":"product_brand","embeddable":true,"href":"https:\/\/mail.jovagro.pt\/en\/wp-json\/wp\/v2\/product_brand?post=36817"},{"taxonomy":"product_cat","embeddable":true,"href":"https:\/\/mail.jovagro.pt\/en\/wp-json\/wp\/v2\/product_cat?post=36817"},{"taxonomy":"product_tag","embeddable":true,"href":"https:\/\/mail.jovagro.pt\/en\/wp-json\/wp\/v2\/product_tag?post=36817"}],"curies":[{"name":"wp","href":"https:\/\/api.w.org\/{rel}","templated":true}]}}