{"id":36864,"date":"2023-06-26T11:35:03","date_gmt":"2023-06-26T11:35:03","guid":{"rendered":"https:\/\/www.jovagro.pt\/?post_type=product&#038;p=36864"},"modified":"2025-04-22T11:31:16","modified_gmt":"2025-04-22T11:31:16","slug":"copper-key","status":"publish","type":"product","link":"https:\/\/mail.jovagro.pt\/en\/shop\/fitofarmacos\/fungicidas\/copper-key\/","title":{"rendered":"Copper Key\u00ae"},"content":{"rendered":"<style type=\"text\/css\"> \n#cmsms_row_69e396da53596 .cmsms_row_outer_parent { \n\tpadding-top: 0px; \n} \n\n#cmsms_row_69e396da53596 .cmsms_row_outer_parent { \n\tpadding-bottom: 50px; \n} \n\n<\/style><div id=\"cmsms_row_69e396da53596\" class=\"cmsms_row cmsms_color_scheme_default\">\n<div class=\"cmsms_row_outer_parent\">\n<div class=\"cmsms_row_outer\">\n<div class=\"cmsms_row_inner\">\n<div class=\"cmsms_row_margin\">\n<div class=\"cmsms_column one_first\">\n<div class=\"custom_html\">\n<table class=\"woocommerce-product-attributes shop_attributes\">\n<tbody>\n<tr class=\"woocommerce-product-attributes-item woocommerce-product-attributes-item--attribute_pa_aplicacao\">\n<th class=\"woocommerce-product-attributes-item__label\">Cobre (na forma de oxicloreto)<\/th>\n<td class=\"woocommerce-product-attributes-item__value\">50%<\/td>\n<\/tr>\n<\/tbody>\n<\/table>\n<\/div>\n<\/div>\n<div class=\"cmsms_column one_first\">\n<\/div>\n<\/div>\n<\/div>\n<\/div>\n<\/div>\n<\/div>","protected":false},"excerpt":{"rendered":"<p id=\"cmsms_heading_647f47536c596\" class=\"cmsms_heading\"><span style=\"color: #808080;\">Copper Key<span style=\"font-size: 16px;\"> \u00e9 um fungicida \u00e0 base de cobre (na forma de oxicloreto), pertencente ao grupo qu\u00edmico dos inorg\u00e2nicos com cobre. Possui atividade preventiva. Inibe v\u00e1rios processos metab\u00f3licos, atuando em diversas enzimas..<\/span><\/span><\/p>\n<div class=\"cmsms_text\">\n<div class=\"cmsms_text\" style=\"position: absolute; bottom: 0;\">\n<h5><\/h5>\n<\/div>\n<\/div>","protected":false},"featured_media":7023,"template":"","meta":{"_monsterinsights_skip_tracking":false,"_monsterinsights_sitenote_active":false,"_monsterinsights_sitenote_note":"","_monsterinsights_sitenote_category":0},"product_brand":[],"product_cat":[409],"product_tag":[],"class_list":{"0":"post-36864","1":"product","2":"type-product","3":"status-publish","4":"has-post-thumbnail","6":"product_cat-fungicidas","8":"first","9":"instock","10":"taxable","11":"shipping-taxable","12":"product-type-variable"},"yoast_head":"<!-- This site is optimized with the Yoast SEO plugin v27.4 - https:\/\/yoast.com\/product\/yoast-seo-wordpress\/ -->\n<title>Copper Key\u00ae - Jovagro<\/title>\n<meta name=\"robots\" content=\"index, follow, max-snippet:-1, max-image-preview:large, max-video-preview:-1\" \/>\n<link rel=\"canonical\" href=\"https:\/\/www.manonunes.pt\/shop\/fitofarmacos\/fungicidas\/copper-key\/\" \/>\n<meta property=\"og:locale\" content=\"en_GB\" \/>\n<meta property=\"og:type\" content=\"article\" \/>\n<meta property=\"og:title\" content=\"Copper Key\u00ae - Jovagro\" \/>\n<meta property=\"og:description\" content=\"Copper Key \u00e9 um fungicida \u00e0 base de cobre (na forma de oxicloreto), pertencente ao grupo qu\u00edmico dos inorg\u00e2nicos com cobre. Possui atividade preventiva. Inibe v\u00e1rios processos metab\u00f3licos, atuando em diversas enzimas..\" \/>\n<meta property=\"og:url\" content=\"https:\/\/www.manonunes.pt\/shop\/fitofarmacos\/fungicidas\/copper-key\/\" \/>\n<meta property=\"og:site_name\" content=\"Jovagro\" \/>\n<meta property=\"article:publisher\" content=\"https:\/\/www.facebook.com\/Jovagro\/\" \/>\n<meta property=\"article:modified_time\" content=\"2025-04-22T11:31:16+00:00\" \/>\n<meta property=\"og:image\" content=\"https:\/\/www.manonunes.pt\/wp-content\/uploads\/2021\/04\/Copper-Key-1.png\" \/>\n\t<meta property=\"og:image:width\" content=\"626\" \/>\n\t<meta property=\"og:image:height\" content=\"626\" \/>\n\t<meta property=\"og:image:type\" content=\"image\/png\" \/>\n<meta name=\"twitter:card\" content=\"summary_large_image\" \/>\n<meta name=\"twitter:label1\" content=\"Estimated reading time\" \/>\n\t<meta name=\"twitter:data1\" content=\"1 minute\" \/>\n<script type=\"application\/ld+json\" class=\"yoast-schema-graph\">{\"@context\":\"https:\\\/\\\/schema.org\",\"@graph\":[{\"@type\":\"WebPage\",\"@id\":\"https:\\\/\\\/www.manonunes.pt\\\/shop\\\/fitofarmacos\\\/fungicidas\\\/copper-key\\\/\",\"url\":\"https:\\\/\\\/www.manonunes.pt\\\/shop\\\/fitofarmacos\\\/fungicidas\\\/copper-key\\\/\",\"name\":\"Copper Key\u00ae - Jovagro\",\"isPartOf\":{\"@id\":\"https:\\\/\\\/www.jovagro.pt\\\/#website\"},\"primaryImageOfPage\":{\"@id\":\"https:\\\/\\\/www.manonunes.pt\\\/shop\\\/fitofarmacos\\\/fungicidas\\\/copper-key\\\/#primaryimage\"},\"image\":{\"@id\":\"https:\\\/\\\/www.manonunes.pt\\\/shop\\\/fitofarmacos\\\/fungicidas\\\/copper-key\\\/#primaryimage\"},\"thumbnailUrl\":\"https:\\\/\\\/mail.jovagro.pt\\\/wp-content\\\/uploads\\\/2021\\\/04\\\/Copper-Key-1.png\",\"datePublished\":\"2023-06-26T11:35:03+00:00\",\"dateModified\":\"2025-04-22T11:31:16+00:00\",\"breadcrumb\":{\"@id\":\"https:\\\/\\\/www.manonunes.pt\\\/shop\\\/fitofarmacos\\\/fungicidas\\\/copper-key\\\/#breadcrumb\"},\"inLanguage\":\"en-GB\",\"potentialAction\":[{\"@type\":\"ReadAction\",\"target\":[\"https:\\\/\\\/www.manonunes.pt\\\/shop\\\/fitofarmacos\\\/fungicidas\\\/copper-key\\\/\"]}]},{\"@type\":\"ImageObject\",\"inLanguage\":\"en-GB\",\"@id\":\"https:\\\/\\\/www.manonunes.pt\\\/shop\\\/fitofarmacos\\\/fungicidas\\\/copper-key\\\/#primaryimage\",\"url\":\"https:\\\/\\\/mail.jovagro.pt\\\/wp-content\\\/uploads\\\/2021\\\/04\\\/Copper-Key-1.png\",\"contentUrl\":\"https:\\\/\\\/mail.jovagro.pt\\\/wp-content\\\/uploads\\\/2021\\\/04\\\/Copper-Key-1.png\",\"width\":626,\"height\":626},{\"@type\":\"BreadcrumbList\",\"@id\":\"https:\\\/\\\/www.manonunes.pt\\\/shop\\\/fitofarmacos\\\/fungicidas\\\/copper-key\\\/#breadcrumb\",\"itemListElement\":[{\"@type\":\"ListItem\",\"position\":1,\"name\":\"Home\",\"item\":\"https:\\\/\\\/www.jovagro.pt\\\/\"},{\"@type\":\"ListItem\",\"position\":2,\"name\":\"Loja\",\"item\":\"https:\\\/\\\/www.jovagro.pt\\\/loja\\\/\"},{\"@type\":\"ListItem\",\"position\":3,\"name\":\"Copper Key\u00ae\"}]},{\"@type\":\"WebSite\",\"@id\":\"https:\\\/\\\/www.jovagro.pt\\\/#website\",\"url\":\"https:\\\/\\\/www.jovagro.pt\\\/\",\"name\":\"Jovagro\",\"description\":\"Sempre com a Natureza\",\"publisher\":{\"@id\":\"https:\\\/\\\/www.jovagro.pt\\\/#organization\"},\"potentialAction\":[{\"@type\":\"SearchAction\",\"target\":{\"@type\":\"EntryPoint\",\"urlTemplate\":\"https:\\\/\\\/www.jovagro.pt\\\/?s={search_term_string}\"},\"query-input\":{\"@type\":\"PropertyValueSpecification\",\"valueRequired\":true,\"valueName\":\"search_term_string\"}}],\"inLanguage\":\"en-GB\"},{\"@type\":\"Organization\",\"@id\":\"https:\\\/\\\/www.jovagro.pt\\\/#organization\",\"name\":\"Jovagro\",\"url\":\"https:\\\/\\\/www.jovagro.pt\\\/\",\"logo\":{\"@type\":\"ImageObject\",\"inLanguage\":\"en-GB\",\"@id\":\"https:\\\/\\\/www.jovagro.pt\\\/#\\\/schema\\\/logo\\\/image\\\/\",\"url\":\"https:\\\/\\\/jovagro.pt\\\/wp-content\\\/uploads\\\/2019\\\/12\\\/7-01-01-scaled.jpg\",\"contentUrl\":\"https:\\\/\\\/jovagro.pt\\\/wp-content\\\/uploads\\\/2019\\\/12\\\/7-01-01-scaled.jpg\",\"width\":2560,\"height\":893,\"caption\":\"Jovagro\"},\"image\":{\"@id\":\"https:\\\/\\\/www.jovagro.pt\\\/#\\\/schema\\\/logo\\\/image\\\/\"},\"sameAs\":[\"https:\\\/\\\/www.facebook.com\\\/Jovagro\\\/\"]}]}<\/script>\n<!-- \/ Yoast SEO plugin. -->","yoast_head_json":{"title":"Copper Key\u00ae - Jovagro","robots":{"index":"index","follow":"follow","max-snippet":"max-snippet:-1","max-image-preview":"max-image-preview:large","max-video-preview":"max-video-preview:-1"},"canonical":"https:\/\/www.manonunes.pt\/shop\/fitofarmacos\/fungicidas\/copper-key\/","og_locale":"en_GB","og_type":"article","og_title":"Copper Key\u00ae - Jovagro","og_description":"Copper Key \u00e9 um fungicida \u00e0 base de cobre (na forma de oxicloreto), pertencente ao grupo qu\u00edmico dos inorg\u00e2nicos com cobre. Possui atividade preventiva. Inibe v\u00e1rios processos metab\u00f3licos, atuando em diversas enzimas..","og_url":"https:\/\/www.manonunes.pt\/shop\/fitofarmacos\/fungicidas\/copper-key\/","og_site_name":"Jovagro","article_publisher":"https:\/\/www.facebook.com\/Jovagro\/","article_modified_time":"2025-04-22T11:31:16+00:00","og_image":[{"width":626,"height":626,"url":"https:\/\/www.manonunes.pt\/wp-content\/uploads\/2021\/04\/Copper-Key-1.png","type":"image\/png"}],"twitter_card":"summary_large_image","twitter_misc":{"Estimated reading time":"1 minute"},"schema":{"@context":"https:\/\/schema.org","@graph":[{"@type":"WebPage","@id":"https:\/\/www.manonunes.pt\/shop\/fitofarmacos\/fungicidas\/copper-key\/","url":"https:\/\/www.manonunes.pt\/shop\/fitofarmacos\/fungicidas\/copper-key\/","name":"Copper Key\u00ae - Jovagro","isPartOf":{"@id":"https:\/\/www.jovagro.pt\/#website"},"primaryImageOfPage":{"@id":"https:\/\/www.manonunes.pt\/shop\/fitofarmacos\/fungicidas\/copper-key\/#primaryimage"},"image":{"@id":"https:\/\/www.manonunes.pt\/shop\/fitofarmacos\/fungicidas\/copper-key\/#primaryimage"},"thumbnailUrl":"https:\/\/mail.jovagro.pt\/wp-content\/uploads\/2021\/04\/Copper-Key-1.png","datePublished":"2023-06-26T11:35:03+00:00","dateModified":"2025-04-22T11:31:16+00:00","breadcrumb":{"@id":"https:\/\/www.manonunes.pt\/shop\/fitofarmacos\/fungicidas\/copper-key\/#breadcrumb"},"inLanguage":"en-GB","potentialAction":[{"@type":"ReadAction","target":["https:\/\/www.manonunes.pt\/shop\/fitofarmacos\/fungicidas\/copper-key\/"]}]},{"@type":"ImageObject","inLanguage":"en-GB","@id":"https:\/\/www.manonunes.pt\/shop\/fitofarmacos\/fungicidas\/copper-key\/#primaryimage","url":"https:\/\/mail.jovagro.pt\/wp-content\/uploads\/2021\/04\/Copper-Key-1.png","contentUrl":"https:\/\/mail.jovagro.pt\/wp-content\/uploads\/2021\/04\/Copper-Key-1.png","width":626,"height":626},{"@type":"BreadcrumbList","@id":"https:\/\/www.manonunes.pt\/shop\/fitofarmacos\/fungicidas\/copper-key\/#breadcrumb","itemListElement":[{"@type":"ListItem","position":1,"name":"Home","item":"https:\/\/www.jovagro.pt\/"},{"@type":"ListItem","position":2,"name":"Loja","item":"https:\/\/www.jovagro.pt\/loja\/"},{"@type":"ListItem","position":3,"name":"Copper Key\u00ae"}]},{"@type":"WebSite","@id":"https:\/\/www.jovagro.pt\/#website","url":"https:\/\/www.jovagro.pt\/","name":"Jovagro","description":"Sempre com a Natureza","publisher":{"@id":"https:\/\/www.jovagro.pt\/#organization"},"potentialAction":[{"@type":"SearchAction","target":{"@type":"EntryPoint","urlTemplate":"https:\/\/www.jovagro.pt\/?s={search_term_string}"},"query-input":{"@type":"PropertyValueSpecification","valueRequired":true,"valueName":"search_term_string"}}],"inLanguage":"en-GB"},{"@type":"Organization","@id":"https:\/\/www.jovagro.pt\/#organization","name":"Jovagro","url":"https:\/\/www.jovagro.pt\/","logo":{"@type":"ImageObject","inLanguage":"en-GB","@id":"https:\/\/www.jovagro.pt\/#\/schema\/logo\/image\/","url":"https:\/\/jovagro.pt\/wp-content\/uploads\/2019\/12\/7-01-01-scaled.jpg","contentUrl":"https:\/\/jovagro.pt\/wp-content\/uploads\/2019\/12\/7-01-01-scaled.jpg","width":2560,"height":893,"caption":"Jovagro"},"image":{"@id":"https:\/\/www.jovagro.pt\/#\/schema\/logo\/image\/"},"sameAs":["https:\/\/www.facebook.com\/Jovagro\/"]}]}},"_links":{"self":[{"href":"https:\/\/mail.jovagro.pt\/en\/wp-json\/wp\/v2\/product\/36864","targetHints":{"allow":["GET"]}}],"collection":[{"href":"https:\/\/mail.jovagro.pt\/en\/wp-json\/wp\/v2\/product"}],"about":[{"href":"https:\/\/mail.jovagro.pt\/en\/wp-json\/wp\/v2\/types\/product"}],"wp:featuredmedia":[{"embeddable":true,"href":"https:\/\/mail.jovagro.pt\/en\/wp-json\/wp\/v2\/media\/7023"}],"wp:attachment":[{"href":"https:\/\/mail.jovagro.pt\/en\/wp-json\/wp\/v2\/media?parent=36864"}],"wp:term":[{"taxonomy":"product_brand","embeddable":true,"href":"https:\/\/mail.jovagro.pt\/en\/wp-json\/wp\/v2\/product_brand?post=36864"},{"taxonomy":"product_cat","embeddable":true,"href":"https:\/\/mail.jovagro.pt\/en\/wp-json\/wp\/v2\/product_cat?post=36864"},{"taxonomy":"product_tag","embeddable":true,"href":"https:\/\/mail.jovagro.pt\/en\/wp-json\/wp\/v2\/product_tag?post=36864"}],"curies":[{"name":"wp","href":"https:\/\/api.w.org\/{rel}","templated":true}]}}